{"id":16439,"date":"2024-11-07T15:13:30","date_gmt":"2024-11-07T14:13:30","guid":{"rendered":"https:\/\/maregroup-site.dev2.esacor.com\/?page_id=16439"},"modified":"2025-05-12T17:53:29","modified_gmt":"2025-05-12T15:53:29","slug":"cookie-policy","status":"publish","type":"page","link":"https:\/\/maregroup-site.dev2.esacor.com\/en\/cookie-policy\/","title":{"rendered":"Cookie Policy"},"content":{"rendered":"\t\t<div data-elementor-type=\"wp-page\" data-elementor-id=\"16439\" class=\"elementor elementor-16439\" data-elementor-post-type=\"page\">\n\t\t\t\t<div class=\"elementor-element elementor-element-2d06c548 e-flex e-con-boxed e-con e-parent\" data-id=\"2d06c548\" data-element_type=\"container\" data-e-type=\"container\">\n\t\t\t\t\t<div class=\"e-con-inner\">\n\t\t\t\t<div class=\"elementor-element elementor-element-7cfd8cc2 elementor-widget elementor-widget-text-editor\" data-id=\"7cfd8cc2\" data-element_type=\"widget\" data-e-type=\"widget\" data-widget_type=\"text-editor.default\">\n\t\t\t\t<div class=\"elementor-widget-container\">\n\t\t\t\t\t\t\t\t\t<p><strong>COSA SONO I COOKIE?<\/strong><\/p><p>I cookie sono piccole stringhe di testo che vengono memorizzate sul computer, o su qualsiasi vostro dispositivo mobile, quando visitate un sito Web. Tali stringhe vengono utilizzate per raccogliere informazioni sul comportamento e sull\u2019utilizzo dei servizi di chi naviga, come ad esempio la memorizzazione di informazioni specifiche per l\u2019autenticazione automatica sui siti o server web, (per il carrello dei siti di e-commerce), o per tenere traccia delle sessioni di navigazione.<\/p><p>Per semplicit\u00e0, usiamo la parola \u201ccookie\u201d come termine generale per strumenti quali cookie, flash cookie, web beacon, forme di memorizzazione locale introdotte con HTML5, social plug-in e tracking cookie. Di solito non occupano molto spazio, alcuni cookie scadono e sono rimossi al termine della sessione Internet, mentre altri vengono salvati per un certo periodo di tempo.<\/p><p><strong>PERCH\u00c9 UTILIZZIAMO I COOKIE?<\/strong><\/p><p>I cookie installati da Mare Group Spa sono denominati \u201ccookie proprietari\u201d. Mentre i cookie impostati da altri siti rispetto a quello che state visitando sono denominati \u201ccookie di terzi\u201d. Utilizziamo i cookie proprietari e quelli di terzi a diversi scopi. Ad esempio utilizziamo i cookie principalmente per garantire che la vostra visita al nostro sito web sia la pi\u00f9 piacevole possibile, oltre che a fini pubblicitari e di marketing. Pi\u00f9 avanti riportiamo una panoramica pi\u00f9 dettagliata delle tipologie esistenti di cookie.<\/p><p><strong>QUALI SONO I DIVERSI TIPI DI COOKIE CHE UTILIZZIAMO?<\/strong><\/p><p>Esistono diversi tipi di cookie con usi differenti. Alcuni servono solo a permettervi di navigare sul sito web e visualizzare determinate funzionalit\u00e0. Altri forniscono un\u2019idea sulla vostra esperienza di navigazione, ad es. per capire se \u00e8 fluida oppure no.<\/p><p>I cookie di terzi attivano caratteristiche o funzionalit\u00e0 quali ad es. pubblicit\u00e0, contenuti interattivi e statistiche in grado di riconoscere il vostro computer o il dispositivo mobile e quindi di capire e ricordare i siti web che avete visitato.<\/p><p>Un esempio di cookie di terzi \u00e8 rappresentato dalla presenza dei \u201csocial plug-in\u201d per Facebook, Twitter, Google+ e LinkedIn. L\u2019utilizzo pi\u00f9 comune dei social plug-in \u00e8 finalizzato alla condivisione dei contenuti sui social network. La gestione delle informazioni raccolte tramite i cookie di terzi \u00e8 disciplinata dalle loro informative. Per una maggiore trasparenza e comodit\u00e0, vi riportiamo qui di seguito i relativi indirizzi web con le modalit\u00e0 per la gestione dei cookie:<\/p><p>Facebook: <em><a href=\"https:\/\/www.facebook.com\/help\/cookies\/\">https:\/\/www.facebook.com\/help\/cookies\/<\/a><\/em><\/p><p>Per la configurazione di Facebook \u00e8 necessario accedere al proprio account, nella sezione privacy.<\/p><p>Twitter: <a href=\"https:\/\/support.twitter.com\/articles\/20170514\/\"><em>https:\/\/support.twitter.com\/articles\/20170514\/<\/em><\/a><\/p><p>Twitter (per la configurazione): <a href=\"https:\/\/twitter.com\/settings\/security\/\"><em>https:\/\/twitter.com\/settings\/security\/<\/em><\/a><\/p><p>LinkedIn: <a href=\"https:\/\/www.linkedin.com\/legal\/cookie-policy\/\"><em>https:\/\/www.linkedin.com\/legal\/cookie-policy\/<\/em><\/a><\/p><p>LinkedIn (per la configurazione): <a href=\"https:\/\/www.linkedin.com\/settings\/\"><em>https:\/\/www.linkedin.com\/settings\/<\/em><\/a><\/p><p>Google+: <a href=\"http:\/\/www.google.it\/intl\/it\/policies\/technologies\/cookies\/\"><em>http:\/\/www.google.it\/intl\/it\/policies\/technologies\/cookies\/<\/em><\/a><\/p><p>Google+ (per la configurazione): <a href=\"http:\/\/www.google.it\/intl\/it\/policies\/technologies\/managing\/\"><em>http:\/\/www.google.it\/intl\/it\/policies\/technologies\/managing\/<\/em><\/a><\/p><ol><li><strong> Cookie Indispensabili<\/strong><\/li><\/ol><p>Questi cookie sono strettamente necessari per garantire che il nostro sito web fornisca informazioni, funzioni principali e servizi in modo sicuro. Sono pertanto necessari per navigare all\u2019interno del sito web e visualizzarne alcune caratteristiche.<\/p><p>Ad esempio, alcuni cookie necessari sono:<\/p><ul><li>I cookie di memorizzazione delle vostre preferenze, solitamente tramite un banner, al fine di non riproporvi le stesse domande in occasione delle prossime visite al sito. Il banner stesso potrebbe non ricomparire e le vostre scelte di opt out potrebbero essere reimpostate automaticamente.<\/li><li>I cookie di sessione sono necessari per seguire i vostri percorsi di navigazione attraverso il sito web. Essi fanno s\u00ec che tutte le vostre informazioni inserite siano ricordate. Senza questi cookie, ogni pagina visitata vi tratterebbe come un visitatore completamente nuovo. Ciononostante i cookie di sessione non vi identificano personalmente e non sono collegati ad altre informazioni memorizzate su di voi.<\/li><li>I Load Balancer cookie vengono utilizzati quando il sito web \u00e8 ospitato su diversi server. Quando si visita il sito web, si attinge a uno solo di questi server. Essi sono pertanto necessari per tenere traccia del server con il quale si sta comunicando e ricordare le informazioni sui dati inseriti. Anche questi cookie non vi identificano personalmente e non sono collegati ad altre informazioni memorizzate su di voi.<\/li><li>I cookie di controllo JavaScript aiutano il sito web a capire se la funzionalit\u00e0 JavaScript del browser \u00e8 abilitata o meno, in modo da procedere di conseguenza.<\/li><li>Google reCaptcha sono cookie utilizzati dal servizio Google per bloccare eventuali azioni di saturazione del sito.<\/li><\/ul><ol start=\"2\"><li><strong> Cookie di Funzionalit\u00e0<\/strong><\/li><\/ol><p>Questi cookie forniscono servizi pi\u00f9 utili e personalizzati, memorizzando le informazioni relative al vostro consenso per il caricamento di specifiche funzionalit\u00e0, come ad esempio i video di YouTube. Questa tipologia di cookie pu\u00f2 essere impostata sia dal sito che state visitando sia da terzi, e sono memorizzati come riferimento per le future visite al sito web. In ogni caso, esistono strumenti per la loro disabilitazione in base al tipo di browser utilizzato (spiegato in modo dettagliato pi\u00f9 avanti in questa Informativa).<\/p><ol start=\"3\"><li><strong> Cookie Pubblicitari<\/strong><\/li><\/ol><p>Ricordano le vostre preferenze di navigazione e sono utili per il marketing. Questi cookie consentono di condividere determinate informazioni con i pubblicitari, ad esempio quando cercate un ristorante o un hotel, in modo che gli annunci visualizzati siano in linea con i vostri interessi.<\/p><ol start=\"4\"><li><strong> Cookie Prestazionali e Analitici<\/strong><\/li><\/ol><p>I cookie prestazionali e analitici sono utilizzati per migliorare il nostro sito web. Ci aiutano a comprendere il comportamento di chi visita il nostro sito. Ci consentono di continuare a migliorarlo semplificandolo e rendendolo pi\u00f9 piacevole, nonch\u00e9 di migliorare gli annunci pubblicitari che inviamo ai nostri clienti.<\/p><p>Rientrano in questa categoria, per esempio, i cookie di Google Analytics per la raccolta e l\u2019analisi di informazioni sul vostro utilizzo del sito web. In questo modo, tali informazioni incluso il vostro indirizzo IP, possono essere trasmesse a Google e memorizzate su server negli Stati Uniti. I dati raccolti da Google Analytics vengono utilizzati per analizzare con quale frequenza le stesse persone visitano il sito web, come il sito web viene trovato (tramite pubblicit\u00e0 o altri siti web di riferimento) e quali pagine vengono visualizzate pi\u00f9 frequentemente.<\/p><p>Per ulteriori informazioni, si rinvia al link indicato di seguito:<\/p><p><a href=\"https:\/\/www.google.it\/policies\/privacy\/partners\/\"><em>https:\/\/www.google.it\/policies\/privacy\/partners\/<\/em><\/a><\/p><p>Pi\u00f9 avanti trovate precise informazioni su come disabilitare l\u2019azione di Google Analytics.<\/p><p><strong>Dati memorizzati<\/strong><\/p><p>Un numero unico casuale o una stringa di lettere e numeri utili ad identificare il tuo browser, l\u2019ora e la data in cui hai interagito con il sito e i contenuti di marketing o le pagine di riferimento che ti hanno portato al sito.<\/p><p><strong>Scopo \/ finalit\u00e0<\/strong><\/p><p>Google Analytics \u00e8 un servizio di analisi web fornito da Google, per aiutarci a vedere come viene utilizzato il nostro sito web. In questo modo, le informazioni sul suo utilizzo, incluso il vostro indirizzo IP, possono essere trasmesse a Google e memorizzate su server negli Stati Uniti. I dati raccolti da Google Analytics sono utilizzati per analizzare la frequenza con cui le stesse persone visitano il nostro sito web, il modo in cui il sito web viene trovato (tramite siti pubblicitari) e quali pagine vengono visualizzate pi\u00f9 frequentemente. Tali informazioni rimangono anonime, poich\u00e9 sono combinate con i dati di migliaia di altri utenti, e non sono collegate a nessuna altra informazione memorizzata su di voi.<\/p><p><strong>Durata<\/strong><\/p><p>Alcuni hanno una durata di due anni, altri sono cancellati dopo 6 mesi, altri ancora sono disabilitati alla chiusura del browser.<\/p><p><strong>COSA SUCCEDE SE NON DESIDERATE I COOKIE?<\/strong><\/p><p>\u00c8 possibile modificare le impostazioni del browser per eliminare o impedire la memorizzazione di determinati cookie sul computer o sul dispositivo mobile. La disabilitazione totale o parziale di alcuni cookie pu\u00f2 influire sull\u2019efficienza di utilizzo di alcune funzioni, ad esempio, pu\u00f2 compromettere l\u2019utilizzo delle funzionalit\u00e0 riservate agli utenti registrati.<\/p><p>I migliori browser consentono di definire diverse impostazioni per i cookie \u201cproprietari\u201d e per quelli \u201cdi terzi\u201d.<\/p><p>Ad esempio, in Firefox, tramite il menu Strumenti-&gt;Opzioni-&gt;Privacy, \u00e8 possibile accedere ad un pannello di controllo dove \u00e8 possibile definire se accettare o meno diversi tipi di cookie e rimuoverli.<\/p><p>La sezione di aiuto del browser dovrebbe fornire informazioni su come gestire le impostazioni dei cookie.<\/p><p>Di seguito trovate informazioni e istruzioni per i principali browser e Adobe Flash Player.<\/p><p>Internet Explorer:<\/p><p><a href=\"https:\/\/support.microsoft.com\/help\/17442\/windows-internet-explorer-delete-manage-cookies\"><em>https:\/\/support.microsoft.com\/help\/17442\/windows-internet-explorer-delete-manage-cookies<\/em><\/a><\/p><p>Mozilla Firefox:<\/p><p><a href=\"http:\/\/support.mozilla.com\/en-US\/kb\/Cookies\"><em>http:\/\/support.mozilla.com\/en-US\/kb\/Cookies<\/em><\/a><\/p><p>Google Chrome:<\/p><p><a href=\"http:\/\/www.google.com\/support\/chrome\/bin\/answer.py?hl=en&amp;answer=95647\"><em>http:\/\/www.google.com\/support\/chrome\/bin\/answer.py?hl=en&amp;answer=95647<\/em><\/a><\/p><p>Safari:<\/p><p><a href=\"http:\/\/support.apple.com\/kb\/PH5042\"><em>http:\/\/support.apple.com\/kb\/PH5042<\/em><\/a><\/p><p>Opera:<\/p><p><a href=\"http:\/\/www.opera.com\/browser\/tutorials\/security\/privacy\/\"><em>http:\/\/www.opera.com\/browser\/tutorials\/security\/privacy\/<\/em><\/a><\/p><p>Adobe (flash cookies):<\/p><p><a href=\"http:\/\/www.adobe.com\/privacy\/policies\/flash-player.html\"><em>http:\/\/www.adobe.com\/privacy\/policies\/flash-player.html<\/em><\/a><\/p><p>Per informazioni sulle opzioni che alcuni dei terzi con i quali collaboriamo offrono per rifiutare alcune attivit\u00e0 di targeting pubblicitario o di opt out, vi mettiamo a disposizione i seguenti siti:<\/p><p><a href=\"http:\/\/www.aboutads.info\/choices\">http:\/\/www.aboutads.info\/choices<\/a><\/p><p><a href=\"http:\/\/www.youronlinechoices.eu\/\">http:\/\/www.youronlinechoices.eu\/<\/a><\/p><p>\u00c8 possibile disattivare in modo selettivo l\u2019azione di Google Analytics installando sul proprio browser il componente di opt out fornito da Google. Per disattivare Google Analytics, consulta il link qui sotto:<\/p><p><a href=\"https:\/\/tools.google.com\/dlpage\/gaoptout\">https:\/\/tools.google.com\/dlpage\/gaoptout<\/a><\/p><p>Ci preme ricordarvi che \u00e8 necessario visitare quei siti web da ogni browser e dispositivo per i quali volete rifiutare i cookie. Poich\u00e9 gli strumenti di opt out possono dipendere dai cookie, potrebbe essere necessario visitare nuovamente queste pagine per reimpostare le preferenze in caso di cancellazione dei cookie.<\/p><p><strong>CON QUALE FREQUENZA SAR\u00c0 AGGIORNATA LA PRESENTE INFORMATIVA PER LA PROTEZIONE DEI DATI PERSONALI E SUI COOKIE?<\/strong><\/p><p>Potremmo aggiornare la presente Informativa per apportare eventuali modifiche ai cookie utilizzati o per altri motivi operativi, legali o normativi. Vi invitiamo pertanto a riesaminare periodicamente la presente Informativa per essere sempre aggiornati sull\u2019uso dei cookie e delle tecnologie correlate.<\/p><p><strong>La data in alto alla presente Informativa indica l\u2019ultimo aggiornamento.<\/strong><\/p><p><strong>DOVE POSSO OTTENERE MAGGIORI INFORMAZIONI?<\/strong><\/p><p>In caso di domande sull\u2019uso dei cookie o di altre tecnologie utilizzate da Mare Group S.p.A., \u00e8 possibile inviare una richiesta al seguente indirizzo e-mail:<\/p><p><em>info@maregroup.it<\/em><\/p>\t\t\t\t\t\t\t\t<\/div>\n\t\t\t\t<\/div>\n\t\t\t\t\t<\/div>\n\t\t\t\t<\/div>\n\t\t\t\t<\/div>\n\t\t","protected":false},"excerpt":{"rendered":"<p>COSA SONO I COOKIE? I cookie sono piccole stringhe di testo che vengono memorizzate sul computer, o su qualsiasi vostro dispositivo mobile, quando visitate un sito Web. Tali stringhe vengono utilizzate per raccogliere informazioni sul comportamento e sull\u2019utilizzo dei servizi di chi naviga, come ad esempio la memorizzazione di informazioni specifiche per l\u2019autenticazione automatica sui [&hellip;]<\/p>\n","protected":false},"author":4,"featured_media":0,"parent":0,"menu_order":200,"comment_status":"closed","ping_status":"closed","template":"","meta":{"footnotes":""},"class_list":["post-16439","page","type-page","status-publish","hentry"],"_links":{"self":[{"href":"https:\/\/maregroup-site.dev2.esacor.com\/en\/wp-json\/wp\/v2\/pages\/16439","targetHints":{"allow":["GET"]}}],"collection":[{"href":"https:\/\/maregroup-site.dev2.esacor.com\/en\/wp-json\/wp\/v2\/pages"}],"about":[{"href":"https:\/\/maregroup-site.dev2.esacor.com\/en\/wp-json\/wp\/v2\/types\/page"}],"author":[{"embeddable":true,"href":"https:\/\/maregroup-site.dev2.esacor.com\/en\/wp-json\/wp\/v2\/users\/4"}],"replies":[{"embeddable":true,"href":"https:\/\/maregroup-site.dev2.esacor.com\/en\/wp-json\/wp\/v2\/comments?post=16439"}],"version-history":[{"count":0,"href":"https:\/\/maregroup-site.dev2.esacor.com\/en\/wp-json\/wp\/v2\/pages\/16439\/revisions"}],"wp:attachment":[{"href":"https:\/\/maregroup-site.dev2.esacor.com\/en\/wp-json\/wp\/v2\/media?parent=16439"}],"curies":[{"name":"wp","href":"https:\/\/api.w.org\/{rel}","templated":true}]}}