{"id":3,"date":"2024-08-29T15:41:30","date_gmt":"2024-08-29T13:41:30","guid":{"rendered":"https:\/\/maregroup-site.dev2.esacor.com\/?page_id=3"},"modified":"2025-05-12T17:53:46","modified_gmt":"2025-05-12T15:53:46","slug":"privacy-policy","status":"publish","type":"page","link":"https:\/\/maregroup-site.dev2.esacor.com\/en\/privacy-policy\/","title":{"rendered":"Privacy Policy"},"content":{"rendered":"\t\t<div data-elementor-type=\"wp-page\" data-elementor-id=\"3\" class=\"elementor elementor-3\" data-elementor-post-type=\"page\">\n\t\t\t\t<div class=\"elementor-element elementor-element-2d06c548 e-flex e-con-boxed e-con e-parent\" data-id=\"2d06c548\" data-element_type=\"container\" data-e-type=\"container\">\n\t\t\t\t\t<div class=\"e-con-inner\">\n\t\t\t\t<div class=\"elementor-element elementor-element-7cfd8cc2 elementor-widget elementor-widget-text-editor\" data-id=\"7cfd8cc2\" data-element_type=\"widget\" data-e-type=\"widget\" data-widget_type=\"text-editor.default\">\n\t\t\t\t<div class=\"elementor-widget-container\">\n\t\t\t\t\t\t\t\t\t<p><strong>INFORMATIVA PER LA PROTEZIONE DEI DATI PERSONALI E COOKIE POLICY<\/strong><\/p><p>La presente Informativa \u00e8 tutelata ai sensi della Direttiva (UE) 2016\/943 e del D.lgs 63\/2018 sulla protezione del know-how e delle informazioni commerciali non divulgate (segreti commerciali).<\/p><p>In Mare Engineering Spa, la protezione dei dati personali significa correttezza e trasparenza.<\/p><p>Abbiamo quindi predisposto la presente Informativa allo scopo di illustrarvi chiaramente le modalit\u00e0 di utilizzo dei vostri dati personali, per farvi conoscere e quindi proporvi i nostri prodotti e servizi, nonch\u00e9 migliorarli e gestirli. Questo ci consente di offrirvi la migliore esperienza nelle interazioni con noi dal vivo e nel mondo digitale online o tramite App o dApp per cellulari ed altri dispositivi.<\/p><p>In conformit\u00e0 con il Regolamento Europeo 2016\/679 (GDPR) relativo al trattamento dei Dati Personali e alla protezione delle persone fisiche e con il D.lgs. 101\/2018, la presente Informativa fornisce precise indicazioni sulle nostre modalit\u00e0 di raccolta, utilizzo, protezione, archiviazione, condivisione ed eliminazione dei vostri dati personali. Operazioni, che intese collettivamente definiamo anche con i termini di \u201celaborare\u201d, \u201celaborazione\u201d o \u201ctrattamento\u201d. Vi forniamo inoltre le indicazioni e i nostri riferimenti per poterci contattare ed esercitare i vostri diritti in conformit\u00e0 con le norme vigenti.<\/p><p><u>IL TITOLARE DEL TRATTAMENTO DEI DATI<\/u><\/p><p>Il Titolare del trattamento dei dati \u00e8:<\/p><p><strong>Mare Group S.p.A.\u00a0<\/strong>con sede legale in\u00a0<strong>Via Ex Aeroporto c\/o Consorzio Il Sole 4 80038 Pomigliano D\u2019arco (NA), Italia,\u00a0<\/strong>e P. IVA\u00a0<strong>07784980638<\/strong><\/p><p>Per ulteriori dettagli sul trattamento dei tuoi dati personali, ci pu\u00f2 contattare al seguente indirizzo di posta elettronica:\u00a0<em>info@maregroup.it<\/em><\/p><p><u>I VOSTRI DATI PERSONALI<\/u><\/p><p><strong>Quali dati personali sono potenzialmente raccolti e per quali finalit\u00e0?<\/strong><\/p><p><strong>Dati sull\u2019identit\u00e0<\/strong>\u00a0\u2013 Si tratta di informazioni che utilizziamo per identificarvi con certezza rispetto a chi dichiarate di essere.<\/p><p>Tali dati potrebbero comprendere: nome, cognome, data di nascita, indirizzo e-mail, codice univoco cliente, pseudonimo, password, identificatori sui social media.<\/p><p><strong>Dati di contatto<\/strong>\u00a0\u2013 Si tratta di dati che utilizziamo per contattarvi e potervi inviare i nostri prodotti, servizi e informazioni promozionali, per poter condividere con voi i nostri ultimi aggiornamenti e rispondere alle vostre domande. Tali dati comprendono ad esempio: numero di telefono, indirizzo di spedizione e fatturazione, indirizzo e-mail, il vostro nome utente sui social media.<\/p><p><strong>Dati di localizzazione<\/strong>\u00a0\u2013 Si tratta di dati che utilizziamo per essere sicuri di riuscire a fornirvi le informazioni pi\u00f9 pertinenti in base alla vostra area geografica. Tali dati comprendono ad esempio: l\u2019indirizzo di residenza, e quindi anche la vostra lingua preferita per l\u2019interazione e la corrispondenza.<\/p><p><strong>Corrispondenza<\/strong>\u00a0\u2013 Si tratta di informazioni finalizzate al controllo della qualit\u00e0 e per verificare di aver rispettato le vostre richieste e i requisiti legali. Tali dati comprendono ad esempio: i report delle nostre riunioni insieme a voi, i materiali e i contenuti della corrispondenza postale o tramite e-mail, chat (testo, immagini e audio\/video registrazioni), messaggistica (sms, mms).<\/p><p><strong>Dati sulla community<\/strong>\u00a0\u2013 Si tratta di informazioni che utilizziamo per fare in modo che possiate trarre i maggiori vantaggi possibili dalle community dei nostri clienti, o per farvi gli auguri in occasione delle Festivit\u00e0! Tali dati comprendono ad esempio: i vostri interessi e preferenze di registrazione a particolari attivit\u00e0 o ad eventi, le foto e i video dei medesimi o le Festivit\u00e0 a Voi gradite.<\/p><p><strong>Dati tratti dai Social Media<\/strong>\u00a0\u2013 Si tratta di informazioni che utilizziamo per conoscervi meglio e instaurare un rapporto migliore con voi in qualit\u00e0 di clienti, creare prodotti e servizi che potrete apprezzare. Tali dati comprendono tutte le informazioni riportate sui social media e di dominio pubblico quali, a titolo esemplificativo ma non esaustivo: il nome utente, interazioni e messaggi, i vostri \u201cmi piace\u201d e altri \u201cpost\u201d, i vostri contatti sui social media, incluse le foto. Informazioni tratte direttamente o indirettamente dalle vostre interazioni pubbliche sui social media (ad es. Facebook, Snapchat, Instagram, Linkedin, ecc.).<\/p><p><strong>Dati dei dispositivi di connessione<\/strong>\u00a0\u2013 Si tratta di informazioni che utilizziamo per migliorare i nostri servizi, le prestazioni e anche per rendere pi\u00f9 sicura la nostra rete quando vi connettete al nostro sito. Tali dati comprendono ad esempio: indirizzo IP, data e orario delle visite, durata delle sessioni sul nostro sito Web, l\u2019URL di riferimento (se siete arrivati sul nostro sito tramite un altro sito Web o tramite un annuncio pubblicitario), le pagine visitate sul nostro sito, il tipo di browser, di dispositivo, la versione e la tipologia del sistema operativo utilizzato.<\/p><p><strong>Dati di pagamento\u00a0<\/strong>\u2013 Si tratta di informazioni che utilizziamo per elaborare i vostri ordini di acquisto. Comprendono ad esempio: i dati per i pagamenti, eventuali profili di rischio in fatto di solvenza e di regolarit\u00e0 dei pagamenti, indirizzo di fatturazione, numero d\u2019ordine cliente e cronologia degli acquisti.<\/p><p><strong>Dati sulle preferenze commerciali<\/strong>\u00a0\u2013 Utilizziamo tali informazioni per fare in modo che abbiate con noi la migliore esperienza commerciale. Tali dati comprendono ad esempio: le vostre abitudini, preferenze in termini di prodotto e servizio, le eventuali recensioni sui nostri prodotti e servizi sui social media.<\/p><p><u>TRASPARENZA DEL TRATTAMENTO<\/u><\/p><p>Utilizziamo i vostri dati personali per offrirvi la migliore esperienza possibile come nostro cliente e rispondere precisamente alle vostre attese, anche nel tempo. Nello specifico, utilizziamo i vostri dati personali per le finalit\u00e0 che trovate illustrate di seguito.<\/p><p><strong>Eseguire un contratto<\/strong>\u00a0\u2013 Utilizziamo i vostri dati personali per elaborare gli ordini di acquisto, accertarci che i pagamenti siano stati ricevuti, rispettare i requisiti dei nostri prodotti e servizi, e garantire in questo modo la vostra soddisfazione.<\/p><p><strong>Informarvi sui nostri prodotti e servizi<\/strong>\u00a0\u2013 Utilizziamo i vostri dati personali per inviarvi avvisi e aggiornamenti sui nostri prodotti e servizi in base ai vostri interessi, preferenze e partecipazioni ad eventi. Vi contatteremo a condizione di avere il vostro esplicito e specifico consenso per fornirvi tali informazioni e aggiornamenti sui nostri prodotti e servizi.<\/p><p><strong>Conservare e Archiviare i Dati<\/strong>\u00a0\u2013 Conserviamo i vostri dati personali per un periodo di tempo ragionevolmente necessario in relazione alle finalit\u00e0 per le quali vengono trattati. A seguito delle interazioni con noi, i dati che ci avete fornito con il vostro consenso saranno trattati e archiviati fino a quando il consenso \u00e8 effettivo, dopodich\u00e9 saranno eliminati in modalit\u00e0 sicure o anonimizzati. Se le nostre comunicazioni o interazioni in senso lato dovessero rimanere inattive per 24 mesi (a decorrere dalla data dell\u2019ultima) renderemo anonimi i vostri dati personali.<\/p><p>L\u2019eliminazione dei vostri dati personali, come meglio specificato di seguito, potrebbe essere limitata dal quadro normativo che ci impone di conservare i vostri dati personali se necessario per assistere in indagini governative e giudiziarie, per sostenere azioni legali o amministrative. Se nessuno di questi motivi \u00e8 applicabile li cancelleremo in modo sicuro.<\/p><p><strong>Proteggere i nostri prodotti e servizi<\/strong>\u00a0\u2013 Alcuni dati saranno trattati per finalit\u00e0 di sicurezza. \u00c8 infatti fondamentale, ad esempio, verificare che gli ordini e i pagamenti siano legittimi al fine di prevenire eventuali frodi e che le nostre strategie di marketing siano rivolte ai giusti destinatari con messaggi adeguati. Come nostro cliente, i vostri dati saranno utilizzati per aiutarci a conseguire tali obiettivi di protezione commerciale che per noi, come Azienda, sono interessi legittimi.<\/p><p><strong>Offrirvi costantemente un\u2019esperienza eccellente<\/strong>\u00a0\u2013 Raccogliamo e archiviamo le informazioni che ci fornite direttamente o indirettamente tramite la vostra visibilit\u00e0 online, le vostre recensioni, i vostri dispositivi di connessione, il computer o il browser utilizzato, come esplicitato sotto nella parte riservata ai \u201cCookie\u201d.<\/p><p><u>PROTEZIONE DEI VOSTRI DATI<\/u><\/p><p><strong>Adottiamo adeguate misure tecniche, organizzative e di processo<\/strong>\u00a0per proteggere i vostri dati personali da: distruzione, che sia accidentale o illecita, perdita, modifiche, divulgazione o accesso non autorizzato. In particolare, laddove il loro trattamento comprende la trasmissione dei dati stessi, contro tutte le altre forme illecite di elaborazione e uso improprio. Ci impegniamo attivamente nella protezione dei Dati Personali e Particolari che ci affidate. Pertanto la loro gestione e la loro sicurezza \u00e8 garantita con la massima attenzione nella forma e soprattutto nello spirito richiesti dal Regolamento Europeo 2016\/679 (GDPR), relativo al trattamento dei Dati Personali e alla protezione delle persone fisiche, e dal D.lgs. 101\/2018<\/p><p><strong>Come proteggiamo i Vostri dati?<\/strong><\/p><p>Abbiamo innanzitutto provveduto a creare un Team per la Protezione dei Dati Personali contattabile presso l\u2019indirizzo del Titolare del trattamento. Il Titolare del trattamento dei dati determina la finalit\u00e0 e la tipologia di trattamento per i vostri dati; ha messo in campo precise misure di sicurezza per la loro protezione, incluso scegliere i Responsabili del trattamento tra persone con provata esperienza e formazione. Coscienti che le azioni da attuare sono articolate e non riguardano solo la parte tecnologica o digitale, ci impegniamo su tutti i processi di sicurezza attuando misure tecniche, organizzative e di processo che aggiorniamo regolarmente: ad esempio, utilizziamo controlli di accesso e di autenticazione, crittografia, firewall, software per la rilevazione di programmi maligni e procedure di sicurezza manuali \u2013 di cui alcune riservate \u2013 per proteggere l\u2019accuratezza e la sicurezza dei dati che conserviamo. Al fine di rispettare il principio di proporzionalit\u00e0 dei trattamenti, limitiamo l\u2019accesso ai dati in funzione delle necessit\u00e0 operative e curiamo l\u2019insieme degli aspetti collegati alla tutela dei dati analogici o digitali come per es. le misure antincendio. Prendiamo molto sul serio la protezione dei vostri dati personali e particolari e di conseguenza le misure di sicurezza che applichiamo a noi stessi e che richiediamo anche ai nostri fornitori di servizi, ovunque essi siano nel mondo.<\/p><p>Sempre a maggior protezione dei dati che ci affidate e per essere certi di aver messo in atto misure sostanziali che vadano oltre la conformit\u00e0, abbiamo deciso di avvalerci di un Ente Terzo di verifica e validazione dell\u2019insieme dei nostri processi di tutela.<\/p><p>Oltre alle misure che dipendono da noi, per\u00f2, ci preme ricordarvi che la trasmissione di dati su Internet non \u00e8 mai sicura al 100% e vi incoraggiamo quindi a prestare attenzione quando usate Internet e verificare per es. che state effettivamente navigando esclusivamente su siti autentici, specialmente se dovete accedete tramite applicazioni di autenticazione con codici, PIN, ecc.<\/p><p><strong>Minori di 16 anni<\/strong><\/p><p>Anche se il nostro sito \u00e8 collegato ai pi\u00f9 diffusi social network, per noi \u00e8 importante farvi sapere che i nostri prodotti e servizi non sono destinati a persone di et\u00e0 inferiore ai 16 anni. Non vogliamo raccogliere n\u00e9 elaborare consapevolmente dati di persone di et\u00e0 inferiore ai 16 anni. Se avete meno di 16 anni, non potete acquistare o utilizzare i nostri prodotti o servizi, e non saremo responsabili per eventuali perdite o danni subiti dalla divulgazione non autorizzata o l\u2019elaborazione dei dati personali di soggetti di et\u00e0 inferiore ai 16 anni.<\/p><p><strong>Con chi condividiamo i vostri dati personali?<\/strong><\/p><p>Per offrirvi la migliore esperienza possibile, condividiamo i vostri dati all\u2019interno del Gruppo al quale apparteniamo.<\/p><p>Condividiamo, inoltre, i vostri dati personali con fornitori di servizi che ci aiutano a offrirvi la migliore prestazione possibile (come descritto nella tabella dei Responsabili del trattamento \u2013\u00a0<em>ut supra<\/em>)<\/p><p>Come azienda Socialmente Responsabile, potrebbe esserci richiesto di condividere i vostri dati con i seguenti soggetti (come consentito e richiesto per legge).<\/p><ul><li><strong>Autorit\u00e0 di regolamentazione e forze dell\u2019ordine<\/strong>\u00a0\u2013 Autorit\u00e0 governative e\/o funzionari delle forze dell\u2019ordine, se obbligatorio per legge o se richiesto per la protezione dei nostri legittimi interessi.<\/li><li><strong>Partner \u2013\u00a0<\/strong>Potremmo lanciare programmi, eventi o promozioni in collaborazione con altre aziende. I nostri partner utilizzeranno i vostri dati personali solo con il vostro previo consenso. Se preferite che i vostri dati personali non vengano condivisi con un\u2019azienda diversa dalla nostra, potete sempre scegliere di non partecipare a tali programmi, promozioni o eventi.<\/li><li><strong>Consulenti di M&amp;A \u2013\u00a0<\/strong>Nel caso in cui la nostra societ\u00e0 venisse acquisita da un\u2019altra realt\u00e0, i vostri dati personali saranno comunicati ai nostri consulenti e ad eventuali consulenti del potenziale acquirente, nonch\u00e9 ai nuovi titolari dell\u2019azienda.<\/li><\/ul><p><u>TRASFERIMENTO DI DATI PERSONALI<\/u><\/p><p><strong>Dove trasferiamo i vostri dati personali? Al di fuori dell\u2019Unione Europea?<\/strong><\/p><p>Per tutte le finalit\u00e0 indicate nella presente Informativa i vostri dati personali potranno essere comunicati ad altri Titolari o Responsabili del trattamento dei dati sia all\u2019interno sia all\u2019esterno dell\u2019Unione Europea. Sar\u00e0 nostra premura verificare che il Paese in questione garantisca un livello di protezione \u201cadeguato\u201d nel rispetto dei diritti previsti dalla normativa vigente. Laddove questi diritti non fossero garantiti, predisporremo opportuni accordi contrattuali vincolanti a tutela dei vostri dati.<\/p><p><strong>Qual \u00e8 il fondamento legale in base al quale utilizziamo i vostri dati personali?<\/strong><\/p><ul><li><strong>Il vostro consenso<\/strong>\u00a0\u2013 Abbiamo bisogno del vostro consenso al trattamento dei dati per interagire con voi tramite comunicazioni, messaggi, in occasioni di incontri di lavoro o di socializzazione. Per determinate finalit\u00e0 abbiamo bisogno della vostra autorizzazione a trattare i vostri dati personali o quelli di eventuali soggetti minori di 18 anni di cui avete la responsabilit\u00e0 genitoriale. Ad esempio, il consenso alla ricezione di comunicazioni di marketing, o il consenso che ci avete fornito per condividere i vostri dati con fornitori di servizi e partner, e per trasferire tali dati in un altro paese.<\/li><\/ul><ul><li><strong>Obblighi contrattuali\u00a0<\/strong>\u2013 Elaboreremo e utilizzeremo i vostri dati personali per adempiere ai nostri obblighi contrattuali e potervi fornire i prodotti e i servizi richiesti.<\/li><\/ul><ul><li><strong>Interessi legittimi\u00a0<\/strong>\u2013 Elaboreremo e utilizzeremo i vostri dati personali per realizzare e migliorare i nostri prodotti e servizi, inviarvi comunicazioni commerciali e questionari di soddisfazione o per la nostra Ricerca e Sviluppo.<\/li><\/ul><ul><li><strong>Conformit\u00e0 con le leggi applicabili<\/strong>\u00a0\u2013 Elaboreremo e utilizzeremo i vostri dati personali per il rispetto degli obblighi legali previsti dalle normative applicabili.<\/li><\/ul><p><u>I VOSTRI DIRITTI<\/u><\/p><p><strong>Come esercitarli?<\/strong><\/p><p>Il Regolamento Generale sulla Protezione dei Dati 2016\/679 (GDPR) vi conferisce i sotto elencati diritti sui vostri dati personali, nei limiti della normativa applicabile. Qualora in alcuni casi ci venga richiesto per legge di conservare i vostri dati saremo, per esempio, costretti a non ottemperare alle vostre richieste di cancellazione.<\/p><p><strong>Accesso ai vostri dati personali<\/strong>\u00a0\u2013 Avete diritto di richiedere l\u2019accesso ai vostri dati personali. Tale diritto comprende anche informazioni su quanto segue:<\/p><ol><li>a) perch\u00e9 disponiamo dei vostri dati personali;<\/li><li>b) quali categorie di dati disponiamo;<\/li><li>c) come utilizziamo i vostri dati personali;<\/li><li>d) chi ha accesso ai vostri dati personali (e dove sono conservati);<\/li><li>e) dove potrebbero essere trasferiti i vostri dati personali;<\/li><li>f) per quanto tempo conserviamo i vostri dati personali;<\/li><li>g) come abbiamo ottenuto i vostri dati personali nel caso in cui non ci siano stati forniti direttamente da voi;<\/li><li>h) la possibilit\u00e0 di limitare la loro elaborazione;<\/li><li>i) se utilizziamo i vostri dati personali per processi decisionali automatizzati e in che modo.<\/li><\/ol><p>Se desiderate una copia dei vostri dati personali in nostro possesso, potete presentare la relativa richiesta al seguente indirizzo di posta elettronica:\u00a0<em>info@maregroup<\/em><em>.it<\/em><\/p><p><strong>Reclamo a un\u2019autorit\u00e0 di regolamentazione\/vigilanza\u00a0<\/strong>\u2013 Se non siete soddisfatti del modo in cui gestiamo i vostri diritti o dei Principi che ci siamo dati per la gestione dei vostri dati personali, avete diritto a presentare reclamo presso un\u2019autorit\u00e0 di regolamentazione nello stato membro europeo in cui siete residenti oppure in quello dove i vostri dati sono trattati.<\/p><p><strong>Eliminazione dei vostri dati personali conservati presso di noi<\/strong>\u00a0\u2013 Se non desiderate pi\u00f9 interagire con noi, o se preferite che la nostra realt\u00e0 non sia pi\u00f9 in possesso dei vostri dati, avete diritto di richiedere la cancellazione di tutti i vostri dati personali dai nostri sistemi. Precisiamo tuttavia che potrebbero sussistere obblighi legali, che la nostra azienda \u00e8 tenuta a rispettare, che ci impongono di non ottemperare alle vostre richieste.<\/p><p><strong>Correzione dei vostri dati personali<\/strong>\u00a0\u2013 Avete diritto di verificare che i vostri dati personali siano corretti e completi.<\/p><p><strong>Limiti alle nostre modalit\u00e0 di utilizzo e di elaborazione dei vostri dati personali\u00a0<\/strong>\u2013 Avete inoltre il diritto di chiederci di interrompere l\u2019utilizzo dei vostri dati personali per alcune finalit\u00e0.<\/p><p><strong>Portabilit\u00e0 dei dati\u00a0<\/strong>\u2013 Avete il diritto di ottenere una copia dei vostri dati personali in una forma e con modalit\u00e0 che vi consentano di trasferirli ad una nuova azienda.<\/p><p><u>DOMANDE O RECLAMI<\/u><\/p><p><strong>Come contattarci?<\/strong><\/p><p>Per eventuali domande, dubbi o reclami in merito ai vostri diritti riguardanti i vostri dati personali, potete contattarci al seguente indirizzo di posta elettronica:<\/p><p><em>info@maregroup<\/em><em>.it<\/em><\/p>\t\t\t\t\t\t\t\t<\/div>\n\t\t\t\t<\/div>\n\t\t\t\t\t<\/div>\n\t\t\t\t<\/div>\n\t\t\t\t<\/div>\n\t\t","protected":false},"excerpt":{"rendered":"<p>INFORMATIVA PER LA PROTEZIONE DEI DATI PERSONALI E COOKIE POLICY La presente Informativa \u00e8 tutelata ai sensi della Direttiva (UE) 2016\/943 e del D.lgs 63\/2018 sulla protezione del know-how e delle informazioni commerciali non divulgate (segreti commerciali). In Mare Engineering Spa, la protezione dei dati personali significa correttezza e trasparenza. Abbiamo quindi predisposto la presente [&hellip;]<\/p>\n","protected":false},"author":4,"featured_media":0,"parent":0,"menu_order":200,"comment_status":"closed","ping_status":"closed","template":"","meta":{"footnotes":""},"class_list":["post-3","page","type-page","status-publish","hentry"],"_links":{"self":[{"href":"https:\/\/maregroup-site.dev2.esacor.com\/en\/wp-json\/wp\/v2\/pages\/3","targetHints":{"allow":["GET"]}}],"collection":[{"href":"https:\/\/maregroup-site.dev2.esacor.com\/en\/wp-json\/wp\/v2\/pages"}],"about":[{"href":"https:\/\/maregroup-site.dev2.esacor.com\/en\/wp-json\/wp\/v2\/types\/page"}],"author":[{"embeddable":true,"href":"https:\/\/maregroup-site.dev2.esacor.com\/en\/wp-json\/wp\/v2\/users\/4"}],"replies":[{"embeddable":true,"href":"https:\/\/maregroup-site.dev2.esacor.com\/en\/wp-json\/wp\/v2\/comments?post=3"}],"version-history":[{"count":0,"href":"https:\/\/maregroup-site.dev2.esacor.com\/en\/wp-json\/wp\/v2\/pages\/3\/revisions"}],"wp:attachment":[{"href":"https:\/\/maregroup-site.dev2.esacor.com\/en\/wp-json\/wp\/v2\/media?parent=3"}],"curies":[{"name":"wp","href":"https:\/\/api.w.org\/{rel}","templated":true}]}}